{"id":2,"date":"2016-05-10T03:48:21","date_gmt":"2016-05-10T03:48:21","guid":{"rendered":"http:\/\/islandpferde-nordheim.de\/?page_id=2"},"modified":"2017-09-28T10:07:24","modified_gmt":"2017-09-28T10:07:24","slug":"sample-page","status":"publish","type":"page","link":"http:\/\/islandpferde-nordheim.de\/","title":{"rendered":"Home"},"content":{"rendered":"<p>Seit \u00fcber 25 Jahren z\u00fcchten wir mit viel Liebe und Engagement Islandpferde.<\/p>\n<p>Unser Zuchtziel sind sch\u00f6ne, umg\u00e4ngliche, gro\u00dfrahmige taktklare T\u00f6lter mit guten, elastischen Grundgangarten.<\/p>\n<p>Alle Pferde aus unserer Zucht sind ekzemfrei und im besten Sinne f\u00fcr Freizeit, Sport und Zucht geeignet.<\/p>\n<p>Unsere Fohlen wachsen auf gro\u00dfen Weiden in der herrlichen Landschaft der Rh\u00f6n im intakten Herdenverband auf.<\/p>\n<p>Die Jungpferde werden mit viel Ruhe und Geduld kompetent angeritten und auf alle neuen Aufgaben in ihrem weitern Leben als Reitpferde gr\u00fcndlich vorbereitet.<\/p>\n<p>Die folgenden Seiten wollen wir nutzen, um Ihnen unsere sch\u00f6nen Pferde vorzustellen.<\/p>\n<p>Wenn sie Interesse an n\u00e4heren Informationen haben, kontaktieren sie uns gerne. Wir freuen uns.<\/p>\n","protected":false},"excerpt":{"rendered":"<p>Seit \u00fcber 25 Jahren z\u00fcchten wir mit viel Liebe und Engagement Islandpferde. Unser Zuchtziel sind sch\u00f6ne, umg\u00e4ngliche, gro\u00dfrahmige taktklare T\u00f6lter mit guten, [&hellip;]<\/p>\n","protected":false},"author":1,"featured_media":0,"parent":0,"menu_order":0,"comment_status":"closed","ping_status":"open","template":"","meta":{"footnotes":""},"class_list":["post-2","page","type-page","status-publish","hentry"],"_links":{"self":[{"href":"http:\/\/islandpferde-nordheim.de\/index.php?rest_route=\/wp\/v2\/pages\/2","targetHints":{"allow":["GET"]}}],"collection":[{"href":"http:\/\/islandpferde-nordheim.de\/index.php?rest_route=\/wp\/v2\/pages"}],"about":[{"href":"http:\/\/islandpferde-nordheim.de\/index.php?rest_route=\/wp\/v2\/types\/page"}],"author":[{"embeddable":true,"href":"http:\/\/islandpferde-nordheim.de\/index.php?rest_route=\/wp\/v2\/users\/1"}],"replies":[{"embeddable":true,"href":"http:\/\/islandpferde-nordheim.de\/index.php?rest_route=%2Fwp%2Fv2%2Fcomments&post=2"}],"version-history":[{"count":4,"href":"http:\/\/islandpferde-nordheim.de\/index.php?rest_route=\/wp\/v2\/pages\/2\/revisions"}],"predecessor-version":[{"id":553,"href":"http:\/\/islandpferde-nordheim.de\/index.php?rest_route=\/wp\/v2\/pages\/2\/revisions\/553"}],"wp:attachment":[{"href":"http:\/\/islandpferde-nordheim.de\/index.php?rest_route=%2Fwp%2Fv2%2Fmedia&parent=2"}],"curies":[{"name":"wp","href":"https:\/\/api.w.org\/{rel}","templated":true}]}}