{"id":237,"date":"2017-09-28T14:42:27","date_gmt":"2017-09-28T14:42:27","guid":{"rendered":"http:\/\/islandpferde-nordheim.de\/?page_id=237"},"modified":"2017-09-28T14:42:27","modified_gmt":"2017-09-28T14:42:27","slug":"impressum","status":"publish","type":"page","link":"http:\/\/islandpferde-nordheim.de\/?page_id=237","title":{"rendered":"Impressum"},"content":{"rendered":"<p align=\"LEFT\">Impressum<\/p>\n<p align=\"LEFT\">Angaben gem\u00e4\u00df \u00a7 5 TMG:<\/p>\n<p align=\"LEFT\">Winnfried Winnefeld<\/p>\n<p align=\"LEFT\">Islandpferde von Nordheim<\/p>\n<p align=\"LEFT\">Poststra\u00dfe, 10<\/p>\n<p align=\"LEFT\">97647 Nordheim vor der Rh\u00f6n<\/p>\n<p align=\"LEFT\">Kontakt:<\/p>\n<p align=\"LEFT\">E-Mail: info@islandpferde-nordheim.de<\/p>\n<p align=\"LEFT\">Angaben zur Berufshaftpflichtversicherung<\/p>\n<p align=\"LEFT\">Name und Sitz des Versicherers:<\/p>\n<p align=\"LEFT\">AXA Versicherungs- AG<\/p>\n<p align=\"LEFT\">Geltungsraum der Versicherung: Deutschland<\/p>\n<p align=\"LEFT\">Die Europ\u00e4ische Kommission stellt eine Plattform zur Online-Streitbeilegung (OS) bereit:<\/p>\n<p align=\"LEFT\">http:\/\/ec.europa.eu\/consumers\/odr<\/p>\n<p align=\"LEFT\">Unsere E-Mail-Adresse finden Sie oben im Impressum.<\/p>\n<p align=\"LEFT\">Wir sind nicht bereit oder verpflichtet, an Streitbeilegungsverfahren vor einer<\/p>\n<p align=\"LEFT\">Verbraucherschlichtungsstelle teilzunehmen.<\/p>\n<p align=\"LEFT\">Haftung f\u00fcr Inhalte<\/p>\n<p align=\"LEFT\">Als Diensteanbieter sind wir gem\u00e4\u00df \u00a7 7 Abs.1 TMG f\u00fcr eigene Inhalte auf diesen Seiten nach den<\/p>\n<p align=\"LEFT\">allgemeinen Gesetzen verantwortlich. Nach \u00a7\u00a7 8 bis 10 TMG sind wir als Diensteanbieter jedoch nicht<\/p>\n<p align=\"LEFT\">verpflichtet, \u00fcbermittelte oder gespeicherte fremde Informationen zu \u00fcberwachen oder nach Umst\u00e4nden<\/p>\n<p align=\"LEFT\">zu forschen, die auf eine rechtswidrige T\u00e4tigkeit hinweisen.<\/p>\n<p align=\"LEFT\">Verpflichtungen zur Entfernung oder Sperrung der Nutzung von Informationen nach den allgemeinen<\/p>\n<p align=\"LEFT\">Gesetzen bleiben hiervon unber\u00fchrt. Eine diesbez\u00fcgliche Haftung ist jedoch erst ab dem Zeitpunkt der<\/p>\n<p align=\"LEFT\">Kenntnis einer konkreten Rechtsverletzung m\u00f6glich. Bei Bekanntwerden von entsprechenden<\/p>\n<p align=\"LEFT\">Rechtsverletzungen werden wir diese Inhalte umgehend entfernen.<\/p>\n<p align=\"LEFT\">Haftung f\u00fcr Links<\/p>\n<p align=\"LEFT\">Unser Angebot enth\u00e4lt Links zu externen Webseiten Dritter, auf deren Inhalte wir keinen Einfluss haben.<\/p>\n<p align=\"LEFT\">Deshalb k\u00f6nnen wir f\u00fcr diese fremden Inhalte auch keine Gew\u00e4hr \u00fcbernehmen. F\u00fcr die Inhalte der<\/p>\n<p align=\"LEFT\">verlinkten Seiten ist stets der jeweilige Anbieter oder Betreiber der Seiten verantwortlich. Die verlinkten<\/p>\n<p align=\"LEFT\">Seiten wurden zum Zeitpunkt der Verlinkung auf m\u00f6gliche Rechtsverst\u00f6\u00dfe \u00fcberpr\u00fcft. Rechtswidrige<\/p>\n<p align=\"LEFT\">Inhalte waren zum Zeitpunkt der Verlinkung nicht erkennbar.<\/p>\n<p align=\"LEFT\">Eine permanente inhaltliche Kontrolle der verlinkten Seiten ist jedoch ohne konkrete Anhaltspunkte einer<\/p>\n<p align=\"LEFT\">Rechtsverletzung nicht zumutbar. Bei Bekanntwerden von Rechtsverletzungen werden wir derartige Links<\/p>\n<p align=\"LEFT\">umgehend entfernen.<\/p>\n<p align=\"LEFT\">Urheberrecht<\/p>\n<p align=\"LEFT\">Die durch die Seitenbetreiber erstellten Inhalte und Werke auf diesen Seiten unterliegen dem deutschen<\/p>\n<p align=\"LEFT\">Urheberrecht. Die Vervielf\u00e4ltigung, Bearbeitung, Verbreitung und jede Art der Verwertung au\u00dferhalb der<\/p>\n<p align=\"LEFT\">Grenzen des Urheberrechtes bed\u00fcrfen der schriftlichen Zustimmung des jeweiligen Autors bzw.<\/p>\n<p align=\"LEFT\">Erstellers. Downloads und Kopien dieser Seite sind nur f\u00fcr den privaten, nicht kommerziellen Gebrauch<\/p>\n<p align=\"LEFT\">gestattet.<\/p>\n<p align=\"LEFT\">Soweit die Inhalte auf dieser Seite nicht vom Betreiber erstellt wurden, werden die Urheberrechte Dritter<\/p>\n<p align=\"LEFT\">beachtet. Insbesondere werden Inhalte Dritter als solche gekennzeichnet. Sollten Sie trotzdem auf eine<\/p>\n<p align=\"LEFT\">Urheberrechtsverletzung aufmerksam werden, bitten wir um einen entsprechenden Hinweis. Bei<\/p>\n<p align=\"LEFT\">Bekanntwerden von Rechtsverletzungen werden wir derartige Inhalte umgehend entfernen.<\/p>\n<p align=\"LEFT\"><span style=\"font-family: Arial; font-size: medium;\">Quelle: <\/span><span style=\"color: #0000cd; font-family: Arial; font-size: medium;\">https:\/\/www.e-recht24.de<\/span><\/p>\n<p>&nbsp;<\/p>\n<p>&nbsp;<\/p>\n","protected":false},"excerpt":{"rendered":"<p>Impressum Angaben gem\u00e4\u00df \u00a7 5 TMG: Winnfried Winnefeld Islandpferde von Nordheim Poststra\u00dfe, 10 97647 Nordheim vor der Rh\u00f6n Kontakt: E-Mail: info@islandpferde-nordheim.de Angaben [&hellip;]<\/p>\n","protected":false},"author":1,"featured_media":0,"parent":0,"menu_order":0,"comment_status":"closed","ping_status":"closed","template":"","meta":{"footnotes":""},"class_list":["post-237","page","type-page","status-publish","hentry"],"_links":{"self":[{"href":"http:\/\/islandpferde-nordheim.de\/index.php?rest_route=\/wp\/v2\/pages\/237","targetHints":{"allow":["GET"]}}],"collection":[{"href":"http:\/\/islandpferde-nordheim.de\/index.php?rest_route=\/wp\/v2\/pages"}],"about":[{"href":"http:\/\/islandpferde-nordheim.de\/index.php?rest_route=\/wp\/v2\/types\/page"}],"author":[{"embeddable":true,"href":"http:\/\/islandpferde-nordheim.de\/index.php?rest_route=\/wp\/v2\/users\/1"}],"replies":[{"embeddable":true,"href":"http:\/\/islandpferde-nordheim.de\/index.php?rest_route=%2Fwp%2Fv2%2Fcomments&post=237"}],"version-history":[{"count":2,"href":"http:\/\/islandpferde-nordheim.de\/index.php?rest_route=\/wp\/v2\/pages\/237\/revisions"}],"predecessor-version":[{"id":240,"href":"http:\/\/islandpferde-nordheim.de\/index.php?rest_route=\/wp\/v2\/pages\/237\/revisions\/240"}],"wp:attachment":[{"href":"http:\/\/islandpferde-nordheim.de\/index.php?rest_route=%2Fwp%2Fv2%2Fmedia&parent=237"}],"curies":[{"name":"wp","href":"https:\/\/api.w.org\/{rel}","templated":true}]}}