{"id":27,"date":"2017-07-25T09:03:57","date_gmt":"2017-07-25T09:03:57","guid":{"rendered":"http:\/\/islandpferde-nordheim.de\/?page_id=27"},"modified":"2017-09-26T10:59:24","modified_gmt":"2017-09-26T10:59:24","slug":"winnfried-und-petra","status":"publish","type":"page","link":"http:\/\/islandpferde-nordheim.de\/?page_id=27","title":{"rendered":"Winnfried und Petra"},"content":{"rendered":"<p><img loading=\"lazy\" decoding=\"async\" class=\"size-medium wp-image-28 aligncenter\" src=\"http:\/\/islandpferde-nordheim.de\/wp-content\/uploads\/2017\/07\/Petra-und-Winni-2-300x199-300x199.jpg\" alt=\"\" width=\"300\" height=\"199\" srcset=\"http:\/\/islandpferde-nordheim.de\/wp-content\/uploads\/2017\/07\/Petra-und-Winni-2-300x199.jpg 300w, http:\/\/islandpferde-nordheim.de\/wp-content\/uploads\/2017\/07\/Petra-und-Winni-2-300x199-230x153.jpg 230w\" sizes=\"auto, (max-width: 300px) 100vw, 300px\" \/><\/p>\n<p>Winnfried Winnefeld hat schon als junger Mann sein Herz f\u00fcr Islandpferde entdeckt. Vor \u00fcber 40 Jahren sparte er sich, noch in der Ausbildung, sein erstes Islandpferd (statt eines Autos!) vom Munde ab und ist ihnen seither unverbr\u00fcchlich treu geblieben. Da ja bekanntlich kein Isl\u00e4nder lange alleine bleibt, wurden es im Laufe der Jahre immer mehr und die Leidenschaft f\u00fcr die Zucht begann.<a href=\"http:\/\/hannah-weeke.de\/wp-content\/uploads\/2017\/05\/20160104_131954-1.jpg\"><img loading=\"lazy\" decoding=\"async\" class=\"size-medium wp-image-208 aligncenter\" src=\"http:\/\/hannah-weeke.de\/wp-content\/uploads\/2017\/05\/20160104_131954-1-246x300.jpg\" alt=\"\" width=\"246\" height=\"300\" \/><\/a><\/p>\n<p>Von 2002 bis 2008 war Winnfried Pr\u00e4sident des deutschen Islandpferde Reiter- und Z\u00fcchterverbandes IPZV.e.V. und hat sich zum Beispiel unter anderem intensiv f\u00fcr die Einf\u00fchrung der internationalen FIZO \u2013 Zuchtpr\u00fcfung in Deutschland eingesetzt. Aktuell engagiert er sich auch weiterhin in vielf\u00e4ltiger Form in verschiedenen Bereichen der Zucht. So vertritt er gegenw\u00e4rtig die Interessen des Islandpferdes als Rassebeirat bei der FN.<\/p>\n<p>Durch meinen Mann bin ich selbst, Petra Winnefeld \u00a0von den Gro\u00dfpferden zu den Islandpferden gekommen und begleite ihn nun voller Begeisterung auf diesem Weg.<a href=\"http:\/\/hannah-weeke.de\/wp-content\/uploads\/2017\/05\/QDZR7827.jpeg\"><img loading=\"lazy\" decoding=\"async\" class=\"size-medium wp-image-192 aligncenter\" src=\"http:\/\/hannah-weeke.de\/wp-content\/uploads\/2017\/05\/QDZR7827-300x225.jpeg\" alt=\"\" width=\"300\" height=\"225\" \/><\/a><\/p>\n<p>Da wir unsere Pferde \u201eam Haus\u201c haben, leben wir den Alltag mit ihnen und sie sind unsere wunderbaren Freizeitpartner. Wir unternehmen viele Aus- und Wanderritte, sind mit Freunden unterwegs. Den Turniersport \u00fcberlassen wir inzwischen der j\u00fcngeren Generation in unserer Familie.<\/p>\n","protected":false},"excerpt":{"rendered":"<p>Winnfried Winnefeld hat schon als junger Mann sein Herz f\u00fcr Islandpferde entdeckt. Vor \u00fcber 40 Jahren sparte er sich, noch in der [&hellip;]<\/p>\n","protected":false},"author":1,"featured_media":0,"parent":15,"menu_order":0,"comment_status":"closed","ping_status":"closed","template":"","meta":{"footnotes":""},"class_list":["post-27","page","type-page","status-publish","hentry"],"_links":{"self":[{"href":"http:\/\/islandpferde-nordheim.de\/index.php?rest_route=\/wp\/v2\/pages\/27","targetHints":{"allow":["GET"]}}],"collection":[{"href":"http:\/\/islandpferde-nordheim.de\/index.php?rest_route=\/wp\/v2\/pages"}],"about":[{"href":"http:\/\/islandpferde-nordheim.de\/index.php?rest_route=\/wp\/v2\/types\/page"}],"author":[{"embeddable":true,"href":"http:\/\/islandpferde-nordheim.de\/index.php?rest_route=\/wp\/v2\/users\/1"}],"replies":[{"embeddable":true,"href":"http:\/\/islandpferde-nordheim.de\/index.php?rest_route=%2Fwp%2Fv2%2Fcomments&post=27"}],"version-history":[{"count":3,"href":"http:\/\/islandpferde-nordheim.de\/index.php?rest_route=\/wp\/v2\/pages\/27\/revisions"}],"predecessor-version":[{"id":174,"href":"http:\/\/islandpferde-nordheim.de\/index.php?rest_route=\/wp\/v2\/pages\/27\/revisions\/174"}],"up":[{"embeddable":true,"href":"http:\/\/islandpferde-nordheim.de\/index.php?rest_route=\/wp\/v2\/pages\/15"}],"wp:attachment":[{"href":"http:\/\/islandpferde-nordheim.de\/index.php?rest_route=%2Fwp%2Fv2%2Fmedia&parent=27"}],"curies":[{"name":"wp","href":"https:\/\/api.w.org\/{rel}","templated":true}]}}