{"id":434,"date":"2019-10-17T13:28:28","date_gmt":"2019-10-17T13:28:28","guid":{"rendered":"http:\/\/islandpferde-nordheim.de\/?page_id=434"},"modified":"2022-06-22T08:28:16","modified_gmt":"2022-06-22T08:28:16","slug":"flugsvinn-von-nordheim","status":"publish","type":"page","link":"http:\/\/islandpferde-nordheim.de\/?page_id=434","title":{"rendered":"Flugsvinn von Nordheim"},"content":{"rendered":"<p style=\"text-align: center;\">DE2014284294, Stute, Rappe ohne Abzeichen,<\/p>\n<p style=\"text-align: center;\">f\u00fcnfg\u00e4ngig<\/p>\n<p style=\"text-align: center;\">M: F\u00f6gur von Nordheim<\/p>\n<p style=\"text-align: center;\">V: Hraunar von Nordheim<\/p>\n<p style=\"text-align: center;\"><img loading=\"lazy\" decoding=\"async\" class=\"alignnone wp-image-571 size-medium\" src=\"http:\/\/islandpferde-nordheim.de\/wp-content\/uploads\/2022\/06\/20210811_175437-225x300.jpg\" alt=\"\" width=\"225\" height=\"300\" srcset=\"http:\/\/islandpferde-nordheim.de\/wp-content\/uploads\/2022\/06\/20210811_175437-225x300.jpg 225w, http:\/\/islandpferde-nordheim.de\/wp-content\/uploads\/2022\/06\/20210811_175437-700x933.jpg 700w, http:\/\/islandpferde-nordheim.de\/wp-content\/uploads\/2022\/06\/20210811_175437-768x1024.jpg 768w, http:\/\/islandpferde-nordheim.de\/wp-content\/uploads\/2022\/06\/20210811_175437-1152x1536.jpg 1152w, http:\/\/islandpferde-nordheim.de\/wp-content\/uploads\/2022\/06\/20210811_175437-920x1226.jpg 920w, http:\/\/islandpferde-nordheim.de\/wp-content\/uploads\/2022\/06\/20210811_175437-230x307.jpg 230w, http:\/\/islandpferde-nordheim.de\/wp-content\/uploads\/2022\/06\/20210811_175437-350x467.jpg 350w, http:\/\/islandpferde-nordheim.de\/wp-content\/uploads\/2022\/06\/20210811_175437-480x640.jpg 480w, http:\/\/islandpferde-nordheim.de\/wp-content\/uploads\/2022\/06\/20210811_175437.jpg 1475w\" sizes=\"auto, (max-width: 225px) 100vw, 225px\" \/><\/p>\n<p style=\"text-align: center;\">\u00a0<\/p>\n<p>Flugsvinn ist eine quirlige, junge Stute mit korrektem Geb\u00e4ude und gutem Fundament. Sie zeigt freilaufend alle Gangarten und begeistert mit ihrem schwebenden Trab und ganz viel fl\u00fcssigem T\u00f6lt. Zu Beginn ihrer Ausbildung zeigte sie sich noch etwas sch\u00fcchtern, hat aber mittlerweile ein gutes Grundvertrauen zum Menschen aufgebaut. Sie begegnet neuen Dingen meist mutig und neugierig, nur Gabelstapler findet sie nach wie vor etwas unheimlich. Aufgrund ihres Temperaments ist sie nicht f\u00fcr Anf\u00e4nger geeignet. Beim Reiten zeigt sie sich bisher sehr kooperativ und konzentriert.<\/p>\n<p>Aufgrund ihrer sehr sch\u00f6nen Vorhandmechanik und des leichten und fl\u00fcssigen T\u00f6lts k\u00f6nnen wir uns &#8222;Fl\u00fcgi&#8220; sowohl im Sport als auch im gehobenen Freizeitbereich vorstellen.<\/p>\n<p>Wie alle unsere Pferde ist sie regelm\u00e4\u00dfig geimpft und entwurmt und verladefromm. Auf Grund ihrer guten Abstammung ist sie auch f\u00fcr die Zucht geeignet.<\/p>\n<p>Preis steigt bei weiterer Ausbildung.<\/p>\n\n\n<p><\/p>\n\n\n\n<div class=\"wp-block-group is-layout-flow wp-block-group-is-layout-flow\">\n<figure class=\"wp-block-image aligncenter size-large\"><img loading=\"lazy\" decoding=\"async\" width=\"700\" height=\"933\" src=\"http:\/\/islandpferde-nordheim.de\/wp-content\/uploads\/2022\/06\/20210811_175158-700x933.jpg\" alt=\"\" class=\"wp-image-573\" srcset=\"http:\/\/islandpferde-nordheim.de\/wp-content\/uploads\/2022\/06\/20210811_175158-700x933.jpg 700w, http:\/\/islandpferde-nordheim.de\/wp-content\/uploads\/2022\/06\/20210811_175158-225x300.jpg 225w, http:\/\/islandpferde-nordheim.de\/wp-content\/uploads\/2022\/06\/20210811_175158-768x1024.jpg 768w, http:\/\/islandpferde-nordheim.de\/wp-content\/uploads\/2022\/06\/20210811_175158-1152x1536.jpg 1152w, http:\/\/islandpferde-nordheim.de\/wp-content\/uploads\/2022\/06\/20210811_175158-1536x2048.jpg 1536w, http:\/\/islandpferde-nordheim.de\/wp-content\/uploads\/2022\/06\/20210811_175158-920x1227.jpg 920w, http:\/\/islandpferde-nordheim.de\/wp-content\/uploads\/2022\/06\/20210811_175158-230x307.jpg 230w, http:\/\/islandpferde-nordheim.de\/wp-content\/uploads\/2022\/06\/20210811_175158-350x467.jpg 350w, http:\/\/islandpferde-nordheim.de\/wp-content\/uploads\/2022\/06\/20210811_175158-480x640.jpg 480w, http:\/\/islandpferde-nordheim.de\/wp-content\/uploads\/2022\/06\/20210811_175158-scaled.jpg 1920w\" sizes=\"auto, (max-width: 700px) 100vw, 700px\" \/><\/figure>\n<\/div>\n\n\n\n<div class=\"wp-block-group is-layout-flow wp-block-group-is-layout-flow\">\n<figure class=\"wp-block-image aligncenter size-large\"><img loading=\"lazy\" decoding=\"async\" width=\"700\" height=\"934\" src=\"http:\/\/islandpferde-nordheim.de\/wp-content\/uploads\/2022\/06\/20210811_174944-700x934.jpg\" alt=\"\" class=\"wp-image-569\" srcset=\"http:\/\/islandpferde-nordheim.de\/wp-content\/uploads\/2022\/06\/20210811_174944-700x934.jpg 700w, http:\/\/islandpferde-nordheim.de\/wp-content\/uploads\/2022\/06\/20210811_174944-225x300.jpg 225w, http:\/\/islandpferde-nordheim.de\/wp-content\/uploads\/2022\/06\/20210811_174944-768x1024.jpg 768w, http:\/\/islandpferde-nordheim.de\/wp-content\/uploads\/2022\/06\/20210811_174944-1152x1536.jpg 1152w, http:\/\/islandpferde-nordheim.de\/wp-content\/uploads\/2022\/06\/20210811_174944-920x1227.jpg 920w, http:\/\/islandpferde-nordheim.de\/wp-content\/uploads\/2022\/06\/20210811_174944-230x307.jpg 230w, http:\/\/islandpferde-nordheim.de\/wp-content\/uploads\/2022\/06\/20210811_174944-350x467.jpg 350w, http:\/\/islandpferde-nordheim.de\/wp-content\/uploads\/2022\/06\/20210811_174944-480x640.jpg 480w, http:\/\/islandpferde-nordheim.de\/wp-content\/uploads\/2022\/06\/20210811_174944.jpg 1214w\" sizes=\"auto, (max-width: 700px) 100vw, 700px\" \/><\/figure>\n<\/div>\n\n\n\n<div class=\"wp-block-group is-layout-flow wp-block-group-is-layout-flow\">\n<figure class=\"wp-block-image aligncenter size-large\"><img loading=\"lazy\" decoding=\"async\" width=\"700\" height=\"933\" src=\"http:\/\/islandpferde-nordheim.de\/wp-content\/uploads\/2022\/06\/20210811_174327-700x933.jpg\" alt=\"\" class=\"wp-image-570\" srcset=\"http:\/\/islandpferde-nordheim.de\/wp-content\/uploads\/2022\/06\/20210811_174327-700x933.jpg 700w, http:\/\/islandpferde-nordheim.de\/wp-content\/uploads\/2022\/06\/20210811_174327-225x300.jpg 225w, http:\/\/islandpferde-nordheim.de\/wp-content\/uploads\/2022\/06\/20210811_174327-768x1024.jpg 768w, http:\/\/islandpferde-nordheim.de\/wp-content\/uploads\/2022\/06\/20210811_174327-1152x1536.jpg 1152w, http:\/\/islandpferde-nordheim.de\/wp-content\/uploads\/2022\/06\/20210811_174327-1536x2048.jpg 1536w, http:\/\/islandpferde-nordheim.de\/wp-content\/uploads\/2022\/06\/20210811_174327-920x1226.jpg 920w, http:\/\/islandpferde-nordheim.de\/wp-content\/uploads\/2022\/06\/20210811_174327-230x307.jpg 230w, http:\/\/islandpferde-nordheim.de\/wp-content\/uploads\/2022\/06\/20210811_174327-350x467.jpg 350w, http:\/\/islandpferde-nordheim.de\/wp-content\/uploads\/2022\/06\/20210811_174327-480x640.jpg 480w, http:\/\/islandpferde-nordheim.de\/wp-content\/uploads\/2022\/06\/20210811_174327.jpg 1675w\" sizes=\"auto, (max-width: 700px) 100vw, 700px\" \/><\/figure>\n<\/div>\n\n\n\n<div class=\"wp-block-group is-layout-flow wp-block-group-is-layout-flow\">\n<figure class=\"wp-block-image aligncenter size-large\"><img loading=\"lazy\" decoding=\"async\" width=\"700\" height=\"403\" src=\"http:\/\/islandpferde-nordheim.de\/wp-content\/uploads\/2022\/06\/Screenshot_20220607-211147_Gallery-e1655886430782-700x403.jpg\" alt=\"\" class=\"wp-image-568\" srcset=\"http:\/\/islandpferde-nordheim.de\/wp-content\/uploads\/2022\/06\/Screenshot_20220607-211147_Gallery-e1655886430782-700x403.jpg 700w, http:\/\/islandpferde-nordheim.de\/wp-content\/uploads\/2022\/06\/Screenshot_20220607-211147_Gallery-e1655886430782-300x173.jpg 300w, http:\/\/islandpferde-nordheim.de\/wp-content\/uploads\/2022\/06\/Screenshot_20220607-211147_Gallery-e1655886430782-768x442.jpg 768w, http:\/\/islandpferde-nordheim.de\/wp-content\/uploads\/2022\/06\/Screenshot_20220607-211147_Gallery-e1655886430782-1536x884.jpg 1536w, http:\/\/islandpferde-nordheim.de\/wp-content\/uploads\/2022\/06\/Screenshot_20220607-211147_Gallery-e1655886430782-920x530.jpg 920w, http:\/\/islandpferde-nordheim.de\/wp-content\/uploads\/2022\/06\/Screenshot_20220607-211147_Gallery-e1655886430782-230x132.jpg 230w, http:\/\/islandpferde-nordheim.de\/wp-content\/uploads\/2022\/06\/Screenshot_20220607-211147_Gallery-e1655886430782-350x201.jpg 350w, http:\/\/islandpferde-nordheim.de\/wp-content\/uploads\/2022\/06\/Screenshot_20220607-211147_Gallery-e1655886430782-480x276.jpg 480w, http:\/\/islandpferde-nordheim.de\/wp-content\/uploads\/2022\/06\/Screenshot_20220607-211147_Gallery-e1655886430782.jpg 1866w\" sizes=\"auto, (max-width: 700px) 100vw, 700px\" \/><\/figure>\n<\/div>\n","protected":false},"excerpt":{"rendered":"<p>DE2014284294, Stute, Rappe ohne Abzeichen, f\u00fcnfg\u00e4ngig M: F\u00f6gur von Nordheim V: Hraunar von Nordheim \u00a0 Flugsvinn ist eine quirlige, junge Stute mit [&hellip;]<\/p>\n","protected":false},"author":1,"featured_media":0,"parent":74,"menu_order":0,"comment_status":"closed","ping_status":"closed","template":"","meta":{"footnotes":""},"class_list":["post-434","page","type-page","status-publish","hentry"],"_links":{"self":[{"href":"http:\/\/islandpferde-nordheim.de\/index.php?rest_route=\/wp\/v2\/pages\/434","targetHints":{"allow":["GET"]}}],"collection":[{"href":"http:\/\/islandpferde-nordheim.de\/index.php?rest_route=\/wp\/v2\/pages"}],"about":[{"href":"http:\/\/islandpferde-nordheim.de\/index.php?rest_route=\/wp\/v2\/types\/page"}],"author":[{"embeddable":true,"href":"http:\/\/islandpferde-nordheim.de\/index.php?rest_route=\/wp\/v2\/users\/1"}],"replies":[{"embeddable":true,"href":"http:\/\/islandpferde-nordheim.de\/index.php?rest_route=%2Fwp%2Fv2%2Fcomments&post=434"}],"version-history":[{"count":17,"href":"http:\/\/islandpferde-nordheim.de\/index.php?rest_route=\/wp\/v2\/pages\/434\/revisions"}],"predecessor-version":[{"id":579,"href":"http:\/\/islandpferde-nordheim.de\/index.php?rest_route=\/wp\/v2\/pages\/434\/revisions\/579"}],"up":[{"embeddable":true,"href":"http:\/\/islandpferde-nordheim.de\/index.php?rest_route=\/wp\/v2\/pages\/74"}],"wp:attachment":[{"href":"http:\/\/islandpferde-nordheim.de\/index.php?rest_route=%2Fwp%2Fv2%2Fmedia&parent=434"}],"curies":[{"name":"wp","href":"https:\/\/api.w.org\/{rel}","templated":true}]}}