{"id":74,"date":"2017-09-25T14:20:30","date_gmt":"2017-09-25T14:20:30","guid":{"rendered":"http:\/\/islandpferde-nordheim.de\/?page_id=74"},"modified":"2017-09-28T15:00:56","modified_gmt":"2017-09-28T15:00:56","slug":"verkauf","status":"publish","type":"page","link":"http:\/\/islandpferde-nordheim.de\/?page_id=74","title":{"rendered":"Verkaufspferde"},"content":{"rendered":"<p>Wir haben immer einige Verkaufspferde aus eigener Zucht im Angebot. Vom Fohlen \u00fcber Jungpferde bis hin zum gut ausgebildeten Reitpferd ist alles dabei. Alle unsere Pferde sind im sozialen Herdenverband aufgewachsen, sind nat\u00fcrlich regelm\u00e4\u00dfig geimpft, entwurmt und kennen Hufschmied und H\u00e4ngerfahren.<\/p>\n<p>Einige dieser Pferde wollen wir Ihnen hier nun vorstellen.<\/p>\n<p>Ihr Pferd ist noch nicht dabei? Sprechen sie uns gerne an, wir haben nicht immer alle aktuellen Verkaufspferde auf der Homepage.<\/p>\n<p style=\"text-align: center;\"><img loading=\"lazy\" decoding=\"async\" class=\"alignnone size-medium wp-image-122\" src=\"http:\/\/islandpferde-nordheim.de\/wp-content\/uploads\/2017\/09\/IMG_4278-300x225.jpg\" alt=\"\" width=\"300\" height=\"225\" srcset=\"http:\/\/islandpferde-nordheim.de\/wp-content\/uploads\/2017\/09\/IMG_4278-300x225.jpg 300w, http:\/\/islandpferde-nordheim.de\/wp-content\/uploads\/2017\/09\/IMG_4278-768x576.jpg 768w, http:\/\/islandpferde-nordheim.de\/wp-content\/uploads\/2017\/09\/IMG_4278-1024x768.jpg 1024w, http:\/\/islandpferde-nordheim.de\/wp-content\/uploads\/2017\/09\/IMG_4278-830x623.jpg 830w, http:\/\/islandpferde-nordheim.de\/wp-content\/uploads\/2017\/09\/IMG_4278-230x173.jpg 230w, http:\/\/islandpferde-nordheim.de\/wp-content\/uploads\/2017\/09\/IMG_4278-350x263.jpg 350w, http:\/\/islandpferde-nordheim.de\/wp-content\/uploads\/2017\/09\/IMG_4278-480x360.jpg 480w\" sizes=\"auto, (max-width: 300px) 100vw, 300px\" \/><\/p>\n","protected":false},"excerpt":{"rendered":"<p>Wir haben immer einige Verkaufspferde aus eigener Zucht im Angebot. Vom Fohlen \u00fcber Jungpferde bis hin zum gut ausgebildeten Reitpferd ist alles [&hellip;]<\/p>\n","protected":false},"author":1,"featured_media":0,"parent":0,"menu_order":0,"comment_status":"closed","ping_status":"closed","template":"","meta":{"footnotes":""},"class_list":["post-74","page","type-page","status-publish","hentry"],"_links":{"self":[{"href":"http:\/\/islandpferde-nordheim.de\/index.php?rest_route=\/wp\/v2\/pages\/74","targetHints":{"allow":["GET"]}}],"collection":[{"href":"http:\/\/islandpferde-nordheim.de\/index.php?rest_route=\/wp\/v2\/pages"}],"about":[{"href":"http:\/\/islandpferde-nordheim.de\/index.php?rest_route=\/wp\/v2\/types\/page"}],"author":[{"embeddable":true,"href":"http:\/\/islandpferde-nordheim.de\/index.php?rest_route=\/wp\/v2\/users\/1"}],"replies":[{"embeddable":true,"href":"http:\/\/islandpferde-nordheim.de\/index.php?rest_route=%2Fwp%2Fv2%2Fcomments&post=74"}],"version-history":[{"count":6,"href":"http:\/\/islandpferde-nordheim.de\/index.php?rest_route=\/wp\/v2\/pages\/74\/revisions"}],"predecessor-version":[{"id":246,"href":"http:\/\/islandpferde-nordheim.de\/index.php?rest_route=\/wp\/v2\/pages\/74\/revisions\/246"}],"wp:attachment":[{"href":"http:\/\/islandpferde-nordheim.de\/index.php?rest_route=%2Fwp%2Fv2%2Fmedia&parent=74"}],"curies":[{"name":"wp","href":"https:\/\/api.w.org\/{rel}","templated":true}]}}